{"id":5836,"date":"2025-09-18T09:42:12","date_gmt":"2025-09-18T08:42:12","guid":{"rendered":"https:\/\/vinsintlisi.com\/?page_id=5836"},"modified":"2025-11-06T03:10:35","modified_gmt":"2025-11-06T03:10:35","slug":"banana-drama","status":"publish","type":"page","link":"https:\/\/vinsintlisi.com\/index.php\/banana-drama\/","title":{"rendered":"Banana Drama"},"content":{"rendered":"\t\t<div data-elementor-type=\"wp-page\" data-elementor-id=\"5836\" class=\"elementor elementor-5836\" data-elementor-post-type=\"page\">\n\t\t\t\t        <section class=\"elementor-section elementor-top-section elementor-element elementor-element-89541cc elementor-section-boxed elementor-section-height-default elementor-section-height-default ct-header-fixed-none ct-row-max-none\" data-id=\"89541cc\" data-element_type=\"section\">\n            \n                        <div class=\"elementor-container elementor-column-gap-default \">\n                    <div class=\"elementor-column elementor-col-100 elementor-top-column elementor-element elementor-element-2434841\" data-id=\"2434841\" data-element_type=\"column\">\n        <div class=\"elementor-widget-wrap elementor-element-populated\">\n                    \n                <section class=\"elementor-section elementor-inner-section elementor-element elementor-element-3bb11d2 elementor-section-boxed elementor-section-height-default elementor-section-height-default ct-header-fixed-none ct-row-max-none\" data-id=\"3bb11d2\" data-element_type=\"section\">\n            \n                        <div class=\"elementor-container elementor-column-gap-extended \">\n                    <div class=\"elementor-column elementor-col-50 elementor-inner-column elementor-element elementor-element-6ac28ae\" data-id=\"6ac28ae\" data-element_type=\"column\">\n        <div class=\"elementor-widget-wrap elementor-element-populated\">\n                    \n        \t\t<div class=\"elementor-element elementor-element-6be4b87 elementor-widget elementor-widget-image\" data-id=\"6be4b87\" data-element_type=\"widget\" data-widget_type=\"image.default\">\n\t\t\t\t<div class=\"elementor-widget-container\">\n\t\t\t\t\t\t\t\t\t\t\t\t\t\t\t<img fetchpriority=\"high\" decoding=\"async\" width=\"2560\" height=\"1707\" src=\"https:\/\/vinsintlisi.com\/wp-content\/uploads\/2025\/11\/KM_07249-scaled.jpg\" class=\"attachment-full size-full wp-image-6317\" alt=\"\" srcset=\"https:\/\/vinsintlisi.com\/wp-content\/uploads\/2025\/11\/KM_07249-scaled.jpg 2560w, https:\/\/vinsintlisi.com\/wp-content\/uploads\/2025\/11\/KM_07249-300x200.jpg 300w, https:\/\/vinsintlisi.com\/wp-content\/uploads\/2025\/11\/KM_07249-1024x683.jpg 1024w, https:\/\/vinsintlisi.com\/wp-content\/uploads\/2025\/11\/KM_07249-768x512.jpg 768w, https:\/\/vinsintlisi.com\/wp-content\/uploads\/2025\/11\/KM_07249-1536x1024.jpg 1536w, https:\/\/vinsintlisi.com\/wp-content\/uploads\/2025\/11\/KM_07249-2048x1365.jpg 2048w\" sizes=\"(max-width: 2560px) 100vw, 2560px\" \/>\t\t\t\t\t\t\t\t\t\t\t\t\t\t\t<\/div>\n\t\t\t\t<\/div>\n\t\t            <\/div>\n        <\/div>\n                <div class=\"elementor-column elementor-col-50 elementor-inner-column elementor-element elementor-element-c1933b8 elementor-invisible\" data-id=\"c1933b8\" data-element_type=\"column\" data-settings=\"{&quot;background_background&quot;:&quot;classic&quot;,&quot;animation&quot;:&quot;fadeInRight&quot;}\">\n        <div class=\"elementor-widget-wrap elementor-element-populated\">\n                    \n        \t\t<div class=\"elementor-element elementor-element-d7d240f elementor-widget elementor-widget-ct_text_editor\" data-id=\"d7d240f\" data-element_type=\"widget\" data-widget_type=\"ct_text_editor.default\">\n\t\t\t\t<div class=\"elementor-widget-container\">\n\t\t\t\t\t<div id=\"ct_text_editor-d7d240f\" class=\"ct-text-editor \" data-wow-delay=\"ms\">\n\t<div class=\"ct-inline-css\"  data-css=\"\n        \t\t\">\n\n    <\/div>\n\t<div class=\"ct-text-editor elementor-clearfix\">\n\t\t<h5><span style=\"color: #ffffff\">The Great Banana Drama<\/span><\/h5><p>Experience the playfulness of Banana Drama, a wine that brings the tropical sweetness of ripe bananas to your glass. This luscious and smooth concoction offers a delightful escape, capturing the essence of sun-kissed bananas in every sip.<\/p><p><strong>Aroma:<\/strong> Ripe banana, caramelized plantains, and hints of tropical fruits.<\/p><p><strong>Palate:<\/strong> Lusciously smooth with prominent banana flavor<\/p><p><strong>Finish:<\/strong> Warm and lingering, with a delicate sweetness<\/p><p><strong>Pairing:<\/strong> Perfect with desserts like cr\u00e8me br\u00fbl\u00e9e or enjoyed on a sunset beach picnic chilled on its own.\u00a0<\/p>\t\t\n\t<\/div>\n<\/div>\t\t\t\t<\/div>\n\t\t\t\t<\/div>\n\t\t            <\/div>\n        <\/div>\n                    <\/div>\n        <\/section>\n                    <\/div>\n        <\/div>\n                    <\/div>\n        <\/section>\n        \t\t<\/div>\n\t\t","protected":false},"excerpt":{"rendered":"<p>The Great Banana Drama Experience the playfulness of Banana Drama, a wine that brings the tropical sweetness of ripe bananas to your glass. This luscious and smooth concoction offers a delightful escape, capturing the essence of sun-kissed bananas in every sip. Aroma: Ripe banana, caramelized plantains, and hints of tropical fruits. Palate: Lusciously smooth with [&hellip;]<\/p>\n","protected":false},"author":2,"featured_media":0,"parent":0,"menu_order":0,"comment_status":"closed","ping_status":"closed","template":"","meta":{"footnotes":""},"class_list":["post-5836","page","type-page","status-publish","hentry"],"_links":{"self":[{"href":"https:\/\/vinsintlisi.com\/index.php\/wp-json\/wp\/v2\/pages\/5836","targetHints":{"allow":["GET"]}}],"collection":[{"href":"https:\/\/vinsintlisi.com\/index.php\/wp-json\/wp\/v2\/pages"}],"about":[{"href":"https:\/\/vinsintlisi.com\/index.php\/wp-json\/wp\/v2\/types\/page"}],"author":[{"embeddable":true,"href":"https:\/\/vinsintlisi.com\/index.php\/wp-json\/wp\/v2\/users\/2"}],"replies":[{"embeddable":true,"href":"https:\/\/vinsintlisi.com\/index.php\/wp-json\/wp\/v2\/comments?post=5836"}],"version-history":[{"count":13,"href":"https:\/\/vinsintlisi.com\/index.php\/wp-json\/wp\/v2\/pages\/5836\/revisions"}],"predecessor-version":[{"id":6357,"href":"https:\/\/vinsintlisi.com\/index.php\/wp-json\/wp\/v2\/pages\/5836\/revisions\/6357"}],"wp:attachment":[{"href":"https:\/\/vinsintlisi.com\/index.php\/wp-json\/wp\/v2\/media?parent=5836"}],"curies":[{"name":"wp","href":"https:\/\/api.w.org\/{rel}","templated":true}]}}